{"id":2,"date":"2025-07-02T00:42:15","date_gmt":"2025-07-02T00:42:15","guid":{"rendered":"https:\/\/energisle.com\/?page_id=2"},"modified":"2025-07-20T20:35:32","modified_gmt":"2025-07-20T20:35:32","slug":"sample-page","status":"publish","type":"page","link":"https:\/\/energisle.com\/","title":{"rendered":""},"content":{"rendered":"\n<h1 class=\"wp-block-heading\">\u00c9v\u00e9nements \u00e0 venir<\/h1>\n\n\n\n<div class=\"wp-block-query is-layout-flow wp-block-query-is-layout-flow\"><ul class=\"wp-block-post-template is-layout-flow wp-block-post-template-is-layout-flow\"><li class=\"wp-block-post post-120 post type-post status-publish format-standard has-post-thumbnail hentry category-annonceevenementsenergisle\">\n\n<div class=\"wp-block-columns alignwide is-layout-flex wp-container-core-columns-is-layout-28f84493 wp-block-columns-is-layout-flex\">\n<div class=\"wp-block-column is-layout-flow wp-block-column-is-layout-flow\" style=\"flex-basis:66.66%\"><figure class=\"wp-block-post-featured-image\"><a href=\"https:\/\/energisle.com\/index.php\/2025\/07\/30\/lisle-en-blanc\/\" target=\"_self\"  ><img loading=\"lazy\" decoding=\"async\" width=\"2560\" height=\"1707\" src=\"https:\/\/energisle.com\/wp-content\/uploads\/2025\/07\/shot-line-cocktail-luxury-abstract-scaled.jpg\" class=\"attachment-post-thumbnail size-post-thumbnail wp-post-image\" alt=\"L&rsquo;Isle en Blanc 8 au 10 ao\u00fbt 2025\" style=\"object-fit:cover;\" srcset=\"https:\/\/energisle.com\/wp-content\/uploads\/2025\/07\/shot-line-cocktail-luxury-abstract-scaled.jpg 2560w, https:\/\/energisle.com\/wp-content\/uploads\/2025\/07\/shot-line-cocktail-luxury-abstract-300x200.jpg 300w, https:\/\/energisle.com\/wp-content\/uploads\/2025\/07\/shot-line-cocktail-luxury-abstract-1024x683.jpg 1024w, https:\/\/energisle.com\/wp-content\/uploads\/2025\/07\/shot-line-cocktail-luxury-abstract-768x512.jpg 768w, https:\/\/energisle.com\/wp-content\/uploads\/2025\/07\/shot-line-cocktail-luxury-abstract-1536x1024.jpg 1536w, https:\/\/energisle.com\/wp-content\/uploads\/2025\/07\/shot-line-cocktail-luxury-abstract-2048x1365.jpg 2048w, https:\/\/energisle.com\/wp-content\/uploads\/2025\/07\/shot-line-cocktail-luxury-abstract-1140x760.jpg 1140w\" sizes=\"auto, (max-width: 2560px) 100vw, 2560px\" \/><\/a><\/figure><\/div>\n\n\n\n<div class=\"wp-block-column is-layout-flow wp-block-column-is-layout-flow\" style=\"flex-basis:33.33%\"><h2 class=\"wp-block-post-title\"><a href=\"https:\/\/energisle.com\/index.php\/2025\/07\/30\/lisle-en-blanc\/\" target=\"_self\" >L&rsquo;Isle en Blanc 8 au 10 ao\u00fbt 2025<\/a><\/h2>\n\n<div class=\"wp-block-post-excerpt\"><p class=\"wp-block-post-excerpt__excerpt\">Notre isle charmante se recouvre de blanc le temps d\u2019une fin de semaine. Sortez vos habits, faites le rallye, venez souper dans un des deux restaurants participants, venez aux spectacles, etc. Tout est disponible \u00e0 la carte dans la programmation ou en forfait avec notre casquette! charlevoixenligne.com\/product\/l-isle-en-blanc\/VQVQICMDOFCIHCLET5LNVN3C <\/p><\/div><\/div>\n<\/div>\n\n<\/li><li class=\"wp-block-post post-63 post type-post status-publish format-standard has-post-thumbnail hentry category-annonceevenementsenergisle\">\n\n<div class=\"wp-block-columns alignwide is-layout-flex wp-container-core-columns-is-layout-28f84493 wp-block-columns-is-layout-flex\">\n<div class=\"wp-block-column is-layout-flow wp-block-column-is-layout-flow\" style=\"flex-basis:66.66%\"><figure class=\"wp-block-post-featured-image\"><a href=\"https:\/\/energisle.com\/index.php\/2025\/07\/20\/tournoi-de-beach-volley-26-27-juillet-2025-a-lisle-aux-coudres\/\" target=\"_self\"  ><img loading=\"lazy\" decoding=\"async\" width=\"2560\" height=\"1707\" src=\"https:\/\/energisle.com\/wp-content\/uploads\/2025\/07\/miguel-teirlinck-VDkRsT649C0-unsplash-scaled.jpg\" class=\"attachment-post-thumbnail size-post-thumbnail wp-post-image\" alt=\"\ud83c\udfd0\u2600\ufe0f Tournoi de Beach Volley \u2013 26 &amp; 27 juillet 2025 \u00e0 L&rsquo;Isle-aux-Coudres! \u2600\ufe0f\ud83c\udfd0\" style=\"object-fit:cover;\" srcset=\"https:\/\/energisle.com\/wp-content\/uploads\/2025\/07\/miguel-teirlinck-VDkRsT649C0-unsplash-scaled.jpg 2560w, https:\/\/energisle.com\/wp-content\/uploads\/2025\/07\/miguel-teirlinck-VDkRsT649C0-unsplash-300x200.jpg 300w, https:\/\/energisle.com\/wp-content\/uploads\/2025\/07\/miguel-teirlinck-VDkRsT649C0-unsplash-1024x683.jpg 1024w, https:\/\/energisle.com\/wp-content\/uploads\/2025\/07\/miguel-teirlinck-VDkRsT649C0-unsplash-768x512.jpg 768w, https:\/\/energisle.com\/wp-content\/uploads\/2025\/07\/miguel-teirlinck-VDkRsT649C0-unsplash-1536x1024.jpg 1536w, https:\/\/energisle.com\/wp-content\/uploads\/2025\/07\/miguel-teirlinck-VDkRsT649C0-unsplash-2048x1365.jpg 2048w, https:\/\/energisle.com\/wp-content\/uploads\/2025\/07\/miguel-teirlinck-VDkRsT649C0-unsplash-1140x760.jpg 1140w\" sizes=\"auto, (max-width: 2560px) 100vw, 2560px\" \/><\/a><\/figure><\/div>\n\n\n\n<div class=\"wp-block-column is-layout-flow wp-block-column-is-layout-flow\" style=\"flex-basis:33.33%\"><h2 class=\"wp-block-post-title\"><a href=\"https:\/\/energisle.com\/index.php\/2025\/07\/20\/tournoi-de-beach-volley-26-27-juillet-2025-a-lisle-aux-coudres\/\" target=\"_self\" >\ud83c\udfd0\u2600\ufe0f Tournoi de Beach Volley \u2013 26 &amp; 27 juillet 2025 \u00e0 L&rsquo;Isle-aux-Coudres! \u2600\ufe0f\ud83c\udfd0<\/a><\/h2>\n\n<div class=\"wp-block-post-excerpt\"><p class=\"wp-block-post-excerpt__excerpt\">\ud83c\udfd0\u2600\ufe0f Tournoi de Beach Volley \u2013 26 &amp; 27 juillet 2025 \u00e0 L&rsquo;Isle-aux-Coudres! \u2600\ufe0f\ud83c\udfd0 Viens vivre deux jours de sport, de soleil et de plaisir sur la plage avec le Tournoi de Beach Volley organis\u00e9 par \u00c9NERG&rsquo;ISLE! Que tu sois un comp\u00e9titeur aguerri ou que tu veuilles simplement t\u2019amuser entre amis, il y a une&hellip; <\/p><\/div><\/div>\n<\/div>\n\n<\/li><\/ul><\/div>\n","protected":false},"excerpt":{"rendered":"<p>\u00c9v\u00e9nements \u00e0 venir<\/p>\n","protected":false},"author":1,"featured_media":0,"parent":0,"menu_order":0,"comment_status":"closed","ping_status":"open","template":"","meta":{"footnotes":""},"class_list":["post-2","page","type-page","status-publish","hentry"],"_links":{"self":[{"href":"https:\/\/energisle.com\/index.php\/wp-json\/wp\/v2\/pages\/2","targetHints":{"allow":["GET"]}}],"collection":[{"href":"https:\/\/energisle.com\/index.php\/wp-json\/wp\/v2\/pages"}],"about":[{"href":"https:\/\/energisle.com\/index.php\/wp-json\/wp\/v2\/types\/page"}],"author":[{"embeddable":true,"href":"https:\/\/energisle.com\/index.php\/wp-json\/wp\/v2\/users\/1"}],"replies":[{"embeddable":true,"href":"https:\/\/energisle.com\/index.php\/wp-json\/wp\/v2\/comments?post=2"}],"version-history":[{"count":7,"href":"https:\/\/energisle.com\/index.php\/wp-json\/wp\/v2\/pages\/2\/revisions"}],"predecessor-version":[{"id":77,"href":"https:\/\/energisle.com\/index.php\/wp-json\/wp\/v2\/pages\/2\/revisions\/77"}],"wp:attachment":[{"href":"https:\/\/energisle.com\/index.php\/wp-json\/wp\/v2\/media?parent=2"}],"curies":[{"name":"wp","href":"https:\/\/api.w.org\/{rel}","templated":true}]}}