{"id":95,"date":"2025-07-21T11:38:29","date_gmt":"2025-07-21T11:38:29","guid":{"rendered":"https:\/\/energisle.com\/?page_id=95"},"modified":"2026-03-24T15:00:08","modified_gmt":"2026-03-24T15:00:08","slug":"retour-evenements-energisle","status":"publish","type":"page","link":"https:\/\/energisle.com\/index.php\/retour-evenements-energisle\/","title":{"rendered":"Retour \u00c9v\u00e9nements \u00c9nerg&rsquo;Isle"},"content":{"rendered":"\n<div class=\"wp-block-query is-layout-flow wp-block-query-is-layout-flow\"><ul class=\"wp-block-post-template is-layout-flow wp-block-post-template-is-layout-flow\"><li class=\"wp-block-post post-206 post type-post status-publish format-standard has-post-thumbnail hentry category-retourevenementsenergisle\">\n\n<div class=\"wp-block-columns are-vertically-aligned-center is-layout-flex wp-container-core-columns-is-layout-28f84493 wp-block-columns-is-layout-flex\">\n<div class=\"wp-block-column is-vertically-aligned-center is-layout-flow wp-block-column-is-layout-flow\" style=\"flex-basis:25%\"><figure class=\"wp-block-post-featured-image\"><a href=\"https:\/\/energisle.com\/index.php\/2025\/08\/20\/retour-guitare-tout-le-tour-2025\/\" target=\"_self\"  ><img loading=\"lazy\" decoding=\"async\" width=\"2560\" height=\"1718\" src=\"https:\/\/energisle.com\/wp-content\/uploads\/2025\/08\/Guitares-tout-le-tour08-scaled.jpg\" class=\"attachment-post-thumbnail size-post-thumbnail wp-post-image\" alt=\"Retour Guitare tout le tour 2025\" style=\"object-fit:cover;\" srcset=\"https:\/\/energisle.com\/wp-content\/uploads\/2025\/08\/Guitares-tout-le-tour08-scaled.jpg 2560w, https:\/\/energisle.com\/wp-content\/uploads\/2025\/08\/Guitares-tout-le-tour08-300x201.jpg 300w, https:\/\/energisle.com\/wp-content\/uploads\/2025\/08\/Guitares-tout-le-tour08-1024x687.jpg 1024w, https:\/\/energisle.com\/wp-content\/uploads\/2025\/08\/Guitares-tout-le-tour08-768x515.jpg 768w, https:\/\/energisle.com\/wp-content\/uploads\/2025\/08\/Guitares-tout-le-tour08-1536x1031.jpg 1536w, https:\/\/energisle.com\/wp-content\/uploads\/2025\/08\/Guitares-tout-le-tour08-2048x1375.jpg 2048w, https:\/\/energisle.com\/wp-content\/uploads\/2025\/08\/Guitares-tout-le-tour08-1140x765.jpg 1140w\" sizes=\"auto, (max-width: 2560px) 100vw, 2560px\" \/><\/a><\/figure><\/div>\n\n\n\n<div class=\"wp-block-column is-vertically-aligned-center is-layout-flow wp-block-column-is-layout-flow\" style=\"flex-basis:75%\"><h2 class=\"wp-block-post-title\"><a href=\"https:\/\/energisle.com\/index.php\/2025\/08\/20\/retour-guitare-tout-le-tour-2025\/\" target=\"_self\" >Retour Guitare tout le tour 2025<\/a><\/h2><\/div>\n<\/div>\n\n<\/li><li class=\"wp-block-post post-129 post type-post status-publish format-standard has-post-thumbnail hentry category-retourevenementsenergisle\">\n\n<div class=\"wp-block-columns are-vertically-aligned-center is-layout-flex wp-container-core-columns-is-layout-28f84493 wp-block-columns-is-layout-flex\">\n<div class=\"wp-block-column is-vertically-aligned-center is-layout-flow wp-block-column-is-layout-flow\" style=\"flex-basis:25%\"><figure class=\"wp-block-post-featured-image\"><a href=\"https:\/\/energisle.com\/index.php\/2025\/08\/03\/retour-tournoi-beach-volley-2025\/\" target=\"_self\"  ><img loading=\"lazy\" decoding=\"async\" width=\"2560\" height=\"1703\" src=\"https:\/\/energisle.com\/wp-content\/uploads\/2025\/08\/Volley-27-juillet36-1-scaled.jpg\" class=\"attachment-post-thumbnail size-post-thumbnail wp-post-image\" alt=\"Retour tournoi Beach Volley 2025\" style=\"object-fit:cover;\" srcset=\"https:\/\/energisle.com\/wp-content\/uploads\/2025\/08\/Volley-27-juillet36-1-scaled.jpg 2560w, https:\/\/energisle.com\/wp-content\/uploads\/2025\/08\/Volley-27-juillet36-1-300x200.jpg 300w, https:\/\/energisle.com\/wp-content\/uploads\/2025\/08\/Volley-27-juillet36-1-1024x681.jpg 1024w, https:\/\/energisle.com\/wp-content\/uploads\/2025\/08\/Volley-27-juillet36-1-768x511.jpg 768w, https:\/\/energisle.com\/wp-content\/uploads\/2025\/08\/Volley-27-juillet36-1-1536x1022.jpg 1536w, https:\/\/energisle.com\/wp-content\/uploads\/2025\/08\/Volley-27-juillet36-1-2048x1363.jpg 2048w, https:\/\/energisle.com\/wp-content\/uploads\/2025\/08\/Volley-27-juillet36-1-1140x758.jpg 1140w\" sizes=\"auto, (max-width: 2560px) 100vw, 2560px\" \/><\/a><\/figure><\/div>\n\n\n\n<div class=\"wp-block-column is-vertically-aligned-center is-layout-flow wp-block-column-is-layout-flow\" style=\"flex-basis:75%\"><h2 class=\"wp-block-post-title\"><a href=\"https:\/\/energisle.com\/index.php\/2025\/08\/03\/retour-tournoi-beach-volley-2025\/\" target=\"_self\" >Retour tournoi Beach Volley 2025<\/a><\/h2><\/div>\n<\/div>\n\n<\/li><li class=\"wp-block-post post-82 post type-post status-publish format-standard has-post-thumbnail hentry category-retourevenementsenergisle\">\n\n<div class=\"wp-block-columns are-vertically-aligned-center is-layout-flex wp-container-core-columns-is-layout-28f84493 wp-block-columns-is-layout-flex\">\n<div class=\"wp-block-column is-vertically-aligned-center is-layout-flow wp-block-column-is-layout-flow\" style=\"flex-basis:25%\"><figure class=\"wp-block-post-featured-image\"><a href=\"https:\/\/energisle.com\/index.php\/2025\/07\/21\/retour-isle-a-cheval-ete-2025\/\" target=\"_self\"  ><img loading=\"lazy\" decoding=\"async\" width=\"2048\" height=\"1391\" src=\"https:\/\/energisle.com\/wp-content\/uploads\/2025\/07\/514264120_122123659904864646_1706489048877353953_n.jpg\" class=\"attachment-post-thumbnail size-post-thumbnail wp-post-image\" alt=\"Retour  Isle \u00e0 Cheval \u00e9t\u00e9 2025\" style=\"object-fit:cover;\" srcset=\"https:\/\/energisle.com\/wp-content\/uploads\/2025\/07\/514264120_122123659904864646_1706489048877353953_n.jpg 2048w, https:\/\/energisle.com\/wp-content\/uploads\/2025\/07\/514264120_122123659904864646_1706489048877353953_n-300x204.jpg 300w, https:\/\/energisle.com\/wp-content\/uploads\/2025\/07\/514264120_122123659904864646_1706489048877353953_n-1024x696.jpg 1024w, https:\/\/energisle.com\/wp-content\/uploads\/2025\/07\/514264120_122123659904864646_1706489048877353953_n-768x522.jpg 768w, https:\/\/energisle.com\/wp-content\/uploads\/2025\/07\/514264120_122123659904864646_1706489048877353953_n-1536x1043.jpg 1536w, https:\/\/energisle.com\/wp-content\/uploads\/2025\/07\/514264120_122123659904864646_1706489048877353953_n-1140x774.jpg 1140w\" sizes=\"auto, (max-width: 2048px) 100vw, 2048px\" \/><\/a><\/figure><\/div>\n\n\n\n<div class=\"wp-block-column is-vertically-aligned-center is-layout-flow wp-block-column-is-layout-flow\" style=\"flex-basis:75%\"><h2 class=\"wp-block-post-title\"><a href=\"https:\/\/energisle.com\/index.php\/2025\/07\/21\/retour-isle-a-cheval-ete-2025\/\" target=\"_self\" >Retour  Isle \u00e0 Cheval \u00e9t\u00e9 2025<\/a><\/h2><\/div>\n<\/div>\n\n<\/li><\/ul><\/div>\n\n\n\n<p><\/p>\n","protected":false},"excerpt":{"rendered":"","protected":false},"author":1,"featured_media":0,"parent":0,"menu_order":0,"comment_status":"closed","ping_status":"closed","template":"","meta":{"footnotes":""},"class_list":["post-95","page","type-page","status-publish","hentry"],"_links":{"self":[{"href":"https:\/\/energisle.com\/index.php\/wp-json\/wp\/v2\/pages\/95","targetHints":{"allow":["GET"]}}],"collection":[{"href":"https:\/\/energisle.com\/index.php\/wp-json\/wp\/v2\/pages"}],"about":[{"href":"https:\/\/energisle.com\/index.php\/wp-json\/wp\/v2\/types\/page"}],"author":[{"embeddable":true,"href":"https:\/\/energisle.com\/index.php\/wp-json\/wp\/v2\/users\/1"}],"replies":[{"embeddable":true,"href":"https:\/\/energisle.com\/index.php\/wp-json\/wp\/v2\/comments?post=95"}],"version-history":[{"count":4,"href":"https:\/\/energisle.com\/index.php\/wp-json\/wp\/v2\/pages\/95\/revisions"}],"predecessor-version":[{"id":102,"href":"https:\/\/energisle.com\/index.php\/wp-json\/wp\/v2\/pages\/95\/revisions\/102"}],"wp:attachment":[{"href":"https:\/\/energisle.com\/index.php\/wp-json\/wp\/v2\/media?parent=95"}],"curies":[{"name":"wp","href":"https:\/\/api.w.org\/{rel}","templated":true}]}}